{"id":100,"date":"2022-10-10T18:04:52","date_gmt":"2022-10-10T18:04:52","guid":{"rendered":"https:\/\/www.gasthaus-kellner.at\/?page_id=100"},"modified":"2023-04-11T18:37:13","modified_gmt":"2023-04-11T18:37:13","slug":"elementor-100","status":"publish","type":"page","link":"https:\/\/www.gasthaus-kellner.at\/","title":{"rendered":""},"content":{"rendered":"\t\t<div data-elementor-type=\"wp-page\" data-elementor-id=\"100\" class=\"elementor elementor-100\">\n\t\t\t\t\t\t\t\t\t<section class=\"elementor-section elementor-top-section elementor-element elementor-element-a187717 elementor-section-boxed elementor-section-height-default elementor-section-height-default\" data-id=\"a187717\" data-element_type=\"section\">\n\t\t\t\t\t\t<div class=\"elementor-container elementor-column-gap-default\">\n\t\t\t\t\t<div class=\"elementor-column elementor-col-100 elementor-top-column elementor-element elementor-element-dbf712b\" data-id=\"dbf712b\" data-element_type=\"column\">\n\t\t\t<div class=\"elementor-widget-wrap elementor-element-populated\">\n\t\t\t\t\t\t\t\t<div class=\"elementor-element elementor-element-84e7c3c elementor-widget elementor-widget-text-editor\" data-id=\"84e7c3c\" data-element_type=\"widget\" data-widget_type=\"text-editor.default\">\n\t\t\t\t<div class=\"elementor-widget-container\">\n\t\t\t<style>\/*! elementor - v3.7.8 - 02-10-2022 *\/\n.elementor-widget-text-editor.elementor-drop-cap-view-stacked .elementor-drop-cap{background-color:#818a91;color:#fff}.elementor-widget-text-editor.elementor-drop-cap-view-framed .elementor-drop-cap{color:#818a91;border:3px solid;background-color:transparent}.elementor-widget-text-editor:not(.elementor-drop-cap-view-default) .elementor-drop-cap{margin-top:8px}.elementor-widget-text-editor:not(.elementor-drop-cap-view-default) .elementor-drop-cap-letter{width:1em;height:1em}.elementor-widget-text-editor .elementor-drop-cap{float:left;text-align:center;line-height:1;font-size:50px}.elementor-widget-text-editor .elementor-drop-cap-letter{display:inline-block}<\/style>\t\t\t\t<p><span style=\"caret-color: #333333; color: #333333; font-family: -apple-system, BlinkMacSystemFont, 'Segoe UI', Roboto, 'Helvetica Neue', Arial, 'Noto Sans', sans-serif, 'Apple Color Emoji', 'Segoe UI Emoji', 'Segoe UI Symbol', 'Noto Color Emoji';\">Unsere Homepage ist derzeit in Bearbeitung, um in Zukunft alle Speisen und Neuigkeiten aktuell f\u00fcr Sie bereit zu stellen. <\/span><\/p><p><span style=\"caret-color: #333333; color: #333333; font-family: -apple-system, BlinkMacSystemFont, 'Segoe UI', Roboto, 'Helvetica Neue', Arial, 'Noto Sans', sans-serif, 'Apple Color Emoji', 'Segoe UI Emoji', 'Segoe UI Symbol', 'Noto Color Emoji';\">Tische k\u00f6nnen Sie weiterhin unter 02623 72292 oder per Mail unter <strong>office@gasthaus-kellner.at<\/strong> reservieren, auch f\u00fcr alle anderen Anfragen sind wir gerne weiterhin f\u00fcr Sie da. \u00a0<\/span><\/p><p><span style=\"caret-color: #333333; color: #333333; font-family: -apple-system, BlinkMacSystemFont, 'Segoe UI', Roboto, 'Helvetica Neue', Arial, 'Noto Sans', sans-serif, 'Apple Color Emoji', 'Segoe UI Emoji', 'Segoe UI Symbol', 'Noto Color Emoji';\">\u00a0 \u00a0 \u00a0 \u00a0 \u00a0 \u00a0 \u00a0 \u00a0 \u00a0 \u00a0 \u00a0 \u00a0 \u00a0 \u00a0 \u00a0 \u00a0 \u00a0 \u00a0 \u00a0 \u00a0 \u00a0 \u00a0 \u00a0 \u00a0 \u00a0 \u00a0 \u00a0 \u00a0 \u00a0 \u00a0 \u00a0 \u00a0 \u00a0 \u00a0 \u00a0 \u00a0 \u00a0 \u00a0 \u00a0 \u00a0 \u00a0 \u00a0 \u00a0Wir freuen uns auf Ihren Besuch!\u00a0<\/span><\/p>\t\t\t\t\t\t<\/div>\n\t\t\t\t<\/div>\n\t\t\t\t\t<\/div>\n\t\t<\/div>\n\t\t\t\t\t\t\t<\/div>\n\t\t<\/section>\n\t\t\t\t<section class=\"elementor-section elementor-top-section elementor-element elementor-element-fe09872 elementor-section-boxed elementor-section-height-default elementor-section-height-default\" data-id=\"fe09872\" data-element_type=\"section\">\n\t\t\t\t\t\t<div class=\"elementor-container elementor-column-gap-default\">\n\t\t\t\t\t<div class=\"elementor-column elementor-col-100 elementor-top-column elementor-element elementor-element-1681f14\" data-id=\"1681f14\" data-element_type=\"column\">\n\t\t\t<div class=\"elementor-widget-wrap elementor-element-populated\">\n\t\t\t\t\t\t\t\t<div class=\"elementor-element elementor-element-f7fc2b2 elementor-align-center elementor-widget elementor-widget-button\" data-id=\"f7fc2b2\" data-element_type=\"widget\" data-widget_type=\"button.default\">\n\t\t\t\t<div class=\"elementor-widget-container\">\n\t\t\t\t\t<div class=\"elementor-button-wrapper\">\n\t\t\t<a href=\"https:\/\/www.gasthaus-kellner.at\/wp-content\/uploads\/2023\/04\/15_Woche-Tagesmenue-Allergenkarte-1.pdf\" target=\"_blank\" class=\"elementor-button-link elementor-button elementor-size-sm\" role=\"button\">\n\t\t\t\t\t\t<span class=\"elementor-button-content-wrapper\">\n\t\t\t\t\t\t\t<span class=\"elementor-button-icon elementor-align-icon-left\">\n\t\t\t\t<i aria-hidden=\"true\" class=\"fas fa-file-pdf\"><\/i>\t\t\t<\/span>\n\t\t\t\t\t\t<span class=\"elementor-button-text\">Wochenmen\u00fc<\/span>\n\t\t<\/span>\n\t\t\t\t\t<\/a>\n\t\t<\/div>\n\t\t\t\t<\/div>\n\t\t\t\t<\/div>\n\t\t\t\t<div class=\"elementor-element elementor-element-4554672 elementor-widget elementor-widget-text-editor\" data-id=\"4554672\" data-element_type=\"widget\" data-widget_type=\"text-editor.default\">\n\t\t\t\t<div class=\"elementor-widget-container\">\n\t\t\t\t\t\t\t<p>hier finden Sie unser aktuelles Wochenmen\u00fc\u00a0<\/p>\t\t\t\t\t\t<\/div>\n\t\t\t\t<\/div>\n\t\t\t\t<div class=\"elementor-element elementor-element-3fedce2 elementor-widget elementor-widget-text-editor\" data-id=\"3fedce2\" data-element_type=\"widget\" data-widget_type=\"text-editor.default\">\n\t\t\t\t<div class=\"elementor-widget-container\">\n\t\t\t\t\t\t\t\t\t\t\t\t\t<\/div>\n\t\t\t\t<\/div>\n\t\t\t\t<div class=\"elementor-element elementor-element-3b36082 elementor-widget elementor-widget-text-editor\" data-id=\"3b36082\" data-element_type=\"widget\" data-widget_type=\"text-editor.default\">\n\t\t\t\t<div class=\"elementor-widget-container\">\n\t\t\t\t\t\t\t<p class=\"MsoNormal\" style=\"margin: 0cm 0cm 0.0001pt; font-size: 11pt; font-family: Calibri, sans-serif; color: #000000; text-align: start;\"><b><span style=\"font-size: 16pt; color: red;\">Ostersonntag &amp; Ostermontag \u2013 Spargel &amp; Lammspezialit\u00e4ten. Anbei finden Sie unsere Karte<\/span><\/b><b><\/b><\/p><p class=\"MsoNormal\" style=\"margin: 0cm 0cm 0.0001pt; font-size: 11pt; font-family: Calibri, sans-serif; color: #000000; text-align: start;\">\u00a0<\/p><h2 style=\"margin: 0cm 0cm 0.0001pt; font-size: 11pt; font-family: Calibri, sans-serif; color: #000000; text-align: start;\"><b><span style=\"font-size: 14pt; color: red;\">Das\u00a0<\/span><\/b><b><span style=\"font-size: 14pt; color: #31859c;\">Team\u00a0<\/span><\/b><b><span style=\"font-size: 14pt; color: #e46c0a;\">des\u00a0<\/span><\/b><b><span style=\"font-size: 14pt; color: #7030a0;\">Gasthaus\u00a0<\/span><\/b><b><span style=\"font-size: 14pt; color: #00b050;\">Kellner\u00a0<\/span><\/b><b><span style=\"font-size: 14pt; color: #4bacc6;\">w\u00fcnscht\u00a0<\/span><\/b><b><span style=\"font-size: 14pt; color: #c0504d;\">Frohe\u00a0<\/span><\/b><b><span style=\"font-size: 14pt; color: red;\">Ostern\u00a0<\/span><\/b><b><span style=\"font-size: 14pt;\">&amp;\u00a0<span style=\"color: #b3a2c7;\">sch\u00f6ne Feiertage<\/span>!<\/span><\/b><\/h2>\t\t\t\t\t\t<\/div>\n\t\t\t\t<\/div>\n\t\t\t\t\t<\/div>\n\t\t<\/div>\n\t\t\t\t\t\t\t<\/div>\n\t\t<\/section>\n\t\t\t\t<section class=\"elementor-section elementor-top-section elementor-element elementor-element-cc8eb73 elementor-section-boxed elementor-section-height-default elementor-section-height-default\" data-id=\"cc8eb73\" data-element_type=\"section\">\n\t\t\t\t\t\t<div class=\"elementor-container elementor-column-gap-default\">\n\t\t\t\t\t<div class=\"elementor-column elementor-col-100 elementor-top-column elementor-element elementor-element-e464810\" data-id=\"e464810\" data-element_type=\"column\">\n\t\t\t<div class=\"elementor-widget-wrap elementor-element-populated\">\n\t\t\t\t\t\t\t\t<div class=\"elementor-element elementor-element-abb2dd6 elementor-widget elementor-widget-image\" data-id=\"abb2dd6\" data-element_type=\"widget\" data-widget_type=\"image.default\">\n\t\t\t\t<div class=\"elementor-widget-container\">\n\t\t\t<style>\/*! elementor - v3.7.8 - 02-10-2022 *\/\n.elementor-widget-image{text-align:center}.elementor-widget-image a{display:inline-block}.elementor-widget-image a img[src$=\".svg\"]{width:48px}.elementor-widget-image img{vertical-align:middle;display:inline-block}<\/style>\t\t\t\t\t\t\t\t\t\t\t\t<img loading=\"lazy\" decoding=\"async\" width=\"800\" height=\"152\" src=\"https:\/\/www.gasthaus-kellner.at\/wp-content\/uploads\/2022\/10\/gasthaus_kellner_banner1.webp\" class=\"attachment-large size-large\" alt=\"\" srcset=\"https:\/\/www.gasthaus-kellner.at\/wp-content\/uploads\/2022\/10\/gasthaus_kellner_banner1.webp 980w, https:\/\/www.gasthaus-kellner.at\/wp-content\/uploads\/2022\/10\/gasthaus_kellner_banner1-300x57.webp 300w, https:\/\/www.gasthaus-kellner.at\/wp-content\/uploads\/2022\/10\/gasthaus_kellner_banner1-768x146.webp 768w\" sizes=\"auto, (max-width: 800px) 100vw, 800px\" \/>\t\t\t\t\t\t\t\t\t\t\t\t\t\t\t<\/div>\n\t\t\t\t<\/div>\n\t\t\t\t\t<\/div>\n\t\t<\/div>\n\t\t\t\t\t\t\t<\/div>\n\t\t<\/section>\n\t\t\t\t\t\t\t<\/div>\n\t\t","protected":false},"excerpt":{"rendered":"<p>Unsere Homepage ist derzeit in Bearbeitung, um in Zukunft alle Speisen und Neuigkeiten aktuell f\u00fcr Sie bereit zu stellen. Tische k\u00f6nnen Sie weiterhin unter 02623 72292 oder per Mail unter office@gasthaus-kellner.at reservieren, auch f\u00fcr alle anderen Anfragen sind wir gerne weiterhin f\u00fcr Sie da. \u00a0 \u00a0 \u00a0 \u00a0 \u00a0 \u00a0 \u00a0 \u00a0 \u00a0 \u00a0 \u00a0 [&hellip;]<\/p>\n","protected":false},"author":1,"featured_media":0,"parent":0,"menu_order":0,"comment_status":"closed","ping_status":"closed","template":"","meta":{"footnotes":""},"class_list":["post-100","page","type-page","status-publish","hentry"],"_links":{"self":[{"href":"https:\/\/www.gasthaus-kellner.at\/index.php?rest_route=\/wp\/v2\/pages\/100","targetHints":{"allow":["GET"]}}],"collection":[{"href":"https:\/\/www.gasthaus-kellner.at\/index.php?rest_route=\/wp\/v2\/pages"}],"about":[{"href":"https:\/\/www.gasthaus-kellner.at\/index.php?rest_route=\/wp\/v2\/types\/page"}],"author":[{"embeddable":true,"href":"https:\/\/www.gasthaus-kellner.at\/index.php?rest_route=\/wp\/v2\/users\/1"}],"replies":[{"embeddable":true,"href":"https:\/\/www.gasthaus-kellner.at\/index.php?rest_route=%2Fwp%2Fv2%2Fcomments&post=100"}],"version-history":[{"count":177,"href":"https:\/\/www.gasthaus-kellner.at\/index.php?rest_route=\/wp\/v2\/pages\/100\/revisions"}],"predecessor-version":[{"id":415,"href":"https:\/\/www.gasthaus-kellner.at\/index.php?rest_route=\/wp\/v2\/pages\/100\/revisions\/415"}],"wp:attachment":[{"href":"https:\/\/www.gasthaus-kellner.at\/index.php?rest_route=%2Fwp%2Fv2%2Fmedia&parent=100"}],"curies":[{"name":"wp","href":"https:\/\/api.w.org\/{rel}","templated":true}]}}